{"id":6631,"date":"2017-11-18T15:54:47","date_gmt":"2017-11-18T14:54:47","guid":{"rendered":"http:\/\/biketoursspain.tourismdesignsolutions.com\/?page_id=6631"},"modified":"2025-03-10T13:28:45","modified_gmt":"2025-03-10T12:28:45","slug":"condiciones-generales-bike-spain-tours","status":"publish","type":"page","link":"https:\/\/viajes.bikespain.com\/es\/condiciones-generales-bike-spain-tours\/","title":{"rendered":"Condiciones Generales"},"content":{"rendered":"<div id=\"pl-6631\" class=\"panel-layout\">\n<div id=\"pg-6631-0\" class=\"panel-grid panel-has-style\" data-style=\"{&quot;padding&quot;:&quot;25px 0px 0px 0px&quot;,&quot;background_display&quot;:&quot;tile&quot;,&quot;bottom_margin&quot;:&quot;50px&quot;,&quot;cell_alignment&quot;:&quot;flex-start&quot;}\">\n<div class=\"panel-row-style panel-row-style-for-6631-0\">\n<div id=\"pgc-6631-0-0\" class=\"panel-grid-cell\" data-weight=\"1\">\n<div id=\"panel-6631-0-0-0\" class=\"so-panel widget widget_sow-editor panel-first-child panel-last-child\" data-index=\"0\" data-style=\"{&quot;background_image_attachment&quot;:false,&quot;background_display&quot;:&quot;tile&quot;}\">\n<div class=\"so-widget-sow-editor so-widget-sow-editor-base\">\n<div class=\"siteorigin-widget-tinymce textwidget\">\n<h4><\/h4>\n<h4><strong>VIAJES EN EUROPA 2025<\/strong><\/h4>\n<p>Debido a la variable situaci\u00f3n en Europa que hemos tenido en a\u00f1os anteriores, vamos a modificar la pol\u00edtica de cancelaci\u00f3n con la finalidad de ser mucho m\u00e1s flexible con el viajero e invitar al cambio de fecha del viaje en la medida de lo posible. Si desea cancelar su viaje en lugar de posponerlo, puede hacerlo hasta un mes antes del inicio del viaje sin gastos de cancelaci\u00f3n, excepto en los viajes en barco que ser\u00e1 2 meses antes.<\/p>\n<h4>PRECIOS<\/h4>\n<p>Bike Spain Tours garantiza los precios publicados en el web site durante todo el a\u00f1o 2025, IVA incluido. Los precios son siempre por persona en habitaci\u00f3n doble. Para habitaci\u00f3n individual consultar los suplementos. Cada viaje contiene una descripci\u00f3n de los servicios incluidos en el precio, y como norma general, lo que no est\u00e9 espec\u00edficamente detallado como comprendido en el precio del viaje, no estar\u00e1 incluido en \u00e9ste. Los vuelos no est\u00e1n incluidos. RECUERDE, no reservar un vuelo hasta que no le hayamos confirmado la plaza del viaje.<\/p>\n<h4>DESCUENTOS<\/h4>\n<p>En los viajes en Europa y Mundo, ofrecemos estos descuentos: &#8211; Descuento del 5 % para grupos de 8 o m\u00e1s personas. &#8211; Descuento de cliente 3%. V\u00e1lido para 2 personas. Consulte los descuentos para ni\u00f1os en algunos viajes. Hay ofertas temporales de viajes, pero en ese caso, todas las ofertas no son acumulables.<\/p>\n<h4>COMO EFECTUAR LA RESERVA<\/h4>\n<p>Para encontrar plazas libres, recomendamos hacer la reserva lo antes posible, sobre todo, en verano. Para apuntarse, cumplimente nuestro formulario electr\u00f3nico de reserva y env\u00edelo a Bike Spain Tours por e-mail o, escriba directamente a nuestro correo solicitando el formulario. Seguidamente, nos ponemos en contacto con usted para confirmar la reserva y proceder al cobro de un anticipo de 250 EUROS por persona. Usted recibir\u00e1 su confirmaci\u00f3n junto a las instrucciones del pago final en una factura profroma electr\u00f3nica. El saldo final se abonar\u00e1 hasta dos meses antes. Los pagos pueden hacerse mediante transferencia bancaria a favor de Bike Spain Tours o con tarjeta de cr\u00e9dito VISA o Mastercard. El incumplimiento de estas normas da lugar a la cancelaci\u00f3n de la plaza.<\/p>\n<h4>ANULACIONES<\/h4>\n<p>Si por alg\u00fan motivo desea cancelar un viaje, le reembolsaremos el importe del mismo menos los gastos de gesti\u00f3n (250 euros), otros gastos en los que haya incurrido la gesti\u00f3n de la reserva y una penalizaci\u00f3n en funci\u00f3n del n\u00famero de d\u00edas de antelaci\u00f3n con los que hayamos recibido su notificaci\u00f3n. Las modificaciones de reservas o cambios de fechas tendr\u00e1n un coste de 150 euros por grupo o reserva. El pago total del viaje se debe efectuar 60 dias antes. Los gastos incurridos en la gesti\u00f3n de la reserva, deber\u00e1n ser justificados al cliente por la agencia y adem\u00e1s el cliente deber\u00e1 abonar en concepto de penalizaci\u00f3n las siguientes cantidades:<\/p>\n<ul>\n<li>Antes de 60 d\u00edas: 250 euros.<\/li>\n<li>Entre 60 y 31 d\u00edas antes de la salida: 50% del total del viaje.<\/li>\n<li>Entre 30 y 7 d\u00edas antes de la salida: 70% del total del viaje.<\/li>\n<li>Entre 6 y 2 d\u00edas antes de la salida: 90% del total del viaje.<\/li>\n<li>D\u00eda anterior y no presentaci\u00f3n: 100% del total del viaje. Gastos de gesti\u00f3n: 250 euros por persona.<\/li>\n<\/ul>\n<\/div>\n<p>En el caso de viajes de barco y bici:<\/p>\n<\/div>\n<ul>\n<li>15% hasta 180 d\u00edas antes de la fecha de salida<\/li>\n<li>30% de 179 a 120 d\u00edas antes de la fecha de salida<\/li>\n<li>50% de 119 a 90 d\u00edas antes de la fecha de salida<\/li>\n<li>75% de 89 a 30 d\u00edas antes de la fecha de salida<\/li>\n<li>100% desde 30 d\u00edas antes de la fecha de salida<\/li>\n<\/ul>\n<div class=\"so-widget-sow-editor so-widget-sow-editor-base\">\n<div class=\"siteorigin-widget-tinymce textwidget\">\n<p>Dos meses antes de la salida de un viaje, Bike Spain Tours se reserva el derecho de cancelar un viaje debido al n\u00famero insuficiente de participantes. En ese caso, los inscritos hasta la fecha recibir\u00e1n el total pagado a Bike Spain Tours.<\/p>\n<h4>SEGURO DE VIAJE<\/h4>\n<p>Opcionalmente, podr\u00e1 contratar nuestro seguro de viaje espec\u00edfico con EUROP ASSISTANCE para la pr\u00e1ctica del cicloturismo desde 35\u20ac Euros hasta 9 dias de viaje que le ofrece el siguiente resumen de coberturas:<\/p>\n<p>Gastos m\u00e9dicos a consecuencia de enfermedad sobrevenida o accidente fuera de Pa\u00eds de Domicilio Habitual hasta 6000 Euros<br \/>\nProlongaci\u00f3n de estancia en hotel por enfermedad o accidente hasta 1050 Euros<br \/>\nTraslado sanitario de enfermos y heridos<br \/>\nTraslado de restos mortales<br \/>\nDesplazamiento de una persona para acompa\u00f1ar al asegurado hospitalizado<br \/>\nRegreso del asegurado por defunci\u00f3n de un familiar directo<br \/>\nAcompa\u00f1ante de restos mortales hasta 1000 Euros<br \/>\nRegreso del asegurado por hospitalizaci\u00f3n de un familiar directo<br \/>\nGastos de estancia en cl\u00ednica de un acompa\u00f1ante hasta 1000 Euros<br \/>\nGastos m\u00e9dicos a consecuencia de enfermedad sobrevenida o accidente en Pa\u00eds de Domicilio Habitual hasta 600 Euros<br \/>\nInformaci\u00f3n cancelaci\u00f3n de tarjetas<br \/>\nGastos de anulaci\u00f3n del viaje no iniciado (seg\u00fan contrataci\u00f3n) Normalmente 1000 Euros<br \/>\nP\u00e9rdida, da\u00f1os y robo de equipaje facturado hasta 1500 Euros<br \/>\nDemora del equipaje hasta 150 Euros<br \/>\nDemora del viaje hasta 150 Euros<br \/>\nInterrupci\u00f3n del viaje (seg\u00fan contrataci\u00f3n) hasta 1000 Euros<br \/>\nResponsabilidad civil privada hasta 15000 Euros<br \/>\nSeguro de accidentes hasta 10000 Euros<br \/>\nRobo de objetos de valor hasta 750 Euros<br \/>\nP\u00e9rdida de conexi\u00f3n de vuelos hasta 150 Euros<br \/>\nExtensi\u00f3n de viaje obligada hasta 300 Euros<\/p>\n<p><strong>Seguro cancelacion (contratado al margen de la sistencia o juunto con la asistencia)<\/strong><br \/>\nHasta 1000 o 1500 euros de gastos<\/p>\n<p>No obstante, le recomendamos que se asesore y compare sus seguros personales con el que nosotros le ofrecemos.<br \/>\nPuede contratar su seguro ene sta p\u00e1gina: <a href=\"https:\/\/www.bikespain.com\/es\/product\/seguro-viaje\/\">SEGURO<\/a><\/p>\n<h4>ORGANIZACION<\/h4>\n<p>La organizaci\u00f3n t\u00e9cnica de estos viajes combinados ha sido realizada por la Agencia de Viajes BIKE SPAIN TOURS, SLU, agencia de viajes con t\u00edtulo CICMA N\u00ba 1650m, y con domicilio fiscal en Plaza de la Villa 1, local 1. 28005 MADRID y se atiene a la ley de viajes combinados para la organizaci\u00f3n de los mismos. CIF: B84209576<\/p>\n<h4>RESPONSABILIDADES<\/h4>\n<p>En ning\u00fan caso la agencia se responsabiliza de los gastos de alojamiento, manutenci\u00f3n, transportes y otros que se originen como consecuencia de retrasos en salidas o regresos de los vuelos. Cuando el viaje se realice en veh\u00edculos propios o alquilados por la Agencia Organizadora, en caso de accidente, cualquiera que sea el pa\u00eds donde se produzca, el viajero se somete expresamente a la legislaci\u00f3n en materia de accidentes por carretera de la naci\u00f3n en que se halle matriculado el veh\u00edculo, pudiendo acogerse, en cuanto a da\u00f1os personales, al seguro del mismo. Debido a la actividad deportiva cicloturista que realizamos, el viajero asume los riesgos propios de la misma y por tanto la Agencia no aceptar\u00e1 reclamaciones por accidentes, golpes, secuelas, etc. que ser\u00e1n atendidos por los seguros de los prestatarios de dichos servicios, por el seguro de viaje proporcionado por la agencia organizadora y\/o por los seguros contratados expresamente por el cliente. Bike Spain Tours no es responsable del da\u00f1o f\u00edsico o da\u00f1o material como resultado de: la mala preparaci\u00f3n f\u00edsica del cliente; las fuerzas de naturaleza; el viaje en el avi\u00f3n, tren, autom\u00f3vil, barco u otro medio como la bicicleta, pie u otra forma de actividad o aventura; el consumo de alcohol; las revueltas civiles; el terrorismo; la aver\u00eda del material y la falta o el acceso limitado a la asistencia m\u00e9dica en situaciones remotas. Bike Spain se reserva el derecho de hacer modificaciones en la ruta o en el hotel para mejorar la calidad de un viaje ante cualquier inesperado suceso o por necesidades de la ruta. Los clientes aceptan ceder los derechos de imagen de las fotografias tomadas en el viaje para el uso promotional de la agencia Bike Spain Tours, SLU<\/p>\n<h4>ACEPTACI\u00d3N DE ESTAS CONDICIONES<\/h4>\n<p>El hecho de tomar parte en cualquiera de las actividades de \u00e9ste programa, implica la aceptaci\u00f3n por parte del viajero, de todas y cada una de las Condiciones Generales. Para la resoluci\u00f3n de todas las reclamaciones que puedan formularse por cualquier causa, tanto el viajero como la Agencia Organizadora se someten expresamente a la jurisdicci\u00f3n de los Tribunales de Madrid, con renuncia a cualquier otro fuero.<\/p>\n<h4>CONDICIONES DE USO WEB, POLITICA DE PRIVACIDAD<\/h4>\n<p>Visite la p\u00e1gina <a href=\"http:\/\/viajes.bikespain.com\/aviso-legal-y-condiciones-de-uso\/\">http:\/\/viajes.bikespain.com\/aviso-legal-y-condiciones-de-uso\/<\/a><\/p>\n<\/div>\n<\/div>\n<\/div>\n<\/div>\n<\/div>\n<\/div>\n<\/div>\n","protected":false},"excerpt":{"rendered":"<p>VIAJES EN EUROPA 2025 Debido a la variable situaci\u00f3n en Europa que hemos tenido en a\u00f1os anteriores, vamos a modificar la pol\u00edtica de cancelaci\u00f3n con la finalidad de ser mucho m\u00e1s flexible con el viajero e invitar al cambio de fecha del viaje en la medida de lo posible. Si desea cancelar su viaje en [&hellip;]<\/p>\n","protected":false},"author":1,"featured_media":0,"parent":0,"menu_order":0,"comment_status":"closed","ping_status":"closed","template":"","meta":{"footnotes":""},"class_list":["post-6631","page","type-page","status-publish","hentry"],"yoast_head":"<!-- This site is optimized with the Yoast SEO plugin v27.4 - https:\/\/yoast.com\/product\/yoast-seo-wordpress\/ -->\n<title>Condiciones Generales - Bike Spain Tours. Cycling Vacations in Spain.<\/title>\n<meta name=\"robots\" content=\"index, follow, max-snippet:-1, max-image-preview:large, max-video-preview:-1\" \/>\n<link rel=\"canonical\" href=\"https:\/\/viajes.bikespain.com\/es\/condiciones-generales-bike-spain-tours\/\" \/>\n<meta property=\"og:locale\" content=\"es_ES\" \/>\n<meta property=\"og:type\" content=\"article\" \/>\n<meta property=\"og:title\" content=\"Condiciones Generales - Bike Spain Tours. Cycling Vacations in Spain.\" \/>\n<meta property=\"og:description\" content=\"VIAJES EN EUROPA 2025 Debido a la variable situaci\u00f3n en Europa que hemos tenido en a\u00f1os anteriores, vamos a modificar la pol\u00edtica de cancelaci\u00f3n con la finalidad de ser mucho m\u00e1s flexible con el viajero e invitar al cambio de fecha del viaje en la medida de lo posible. Si desea cancelar su viaje en [&hellip;]\" \/>\n<meta property=\"og:url\" content=\"https:\/\/viajes.bikespain.com\/es\/condiciones-generales-bike-spain-tours\/\" \/>\n<meta property=\"og:site_name\" content=\"Bike Spain Tours. Cycling Vacations in Spain.\" \/>\n<meta property=\"article:publisher\" content=\"https:\/\/www.facebook.com\/BikeSpainTours\" \/>\n<meta property=\"article:modified_time\" content=\"2025-03-10T12:28:45+00:00\" \/>\n<meta name=\"twitter:card\" content=\"summary_large_image\" \/>\n<meta name=\"twitter:site\" content=\"@bikespaintours\" \/>\n<meta name=\"twitter:label1\" content=\"Tiempo de lectura\" \/>\n\t<meta name=\"twitter:data1\" content=\"7 minutos\" \/>\n<script type=\"application\/ld+json\" class=\"yoast-schema-graph\">{\"@context\":\"https:\\\/\\\/schema.org\",\"@graph\":[{\"@type\":\"WebPage\",\"@id\":\"https:\\\/\\\/viajes.bikespain.com\\\/es\\\/condiciones-generales-bike-spain-tours\\\/\",\"url\":\"https:\\\/\\\/viajes.bikespain.com\\\/es\\\/condiciones-generales-bike-spain-tours\\\/\",\"name\":\"Condiciones Generales - Bike Spain Tours. Cycling Vacations in Spain.\",\"isPartOf\":{\"@id\":\"https:\\\/\\\/viajes.bikespain.com\\\/es\\\/#website\"},\"datePublished\":\"2017-11-18T14:54:47+00:00\",\"dateModified\":\"2025-03-10T12:28:45+00:00\",\"breadcrumb\":{\"@id\":\"https:\\\/\\\/viajes.bikespain.com\\\/es\\\/condiciones-generales-bike-spain-tours\\\/#breadcrumb\"},\"inLanguage\":\"es\",\"potentialAction\":[{\"@type\":\"ReadAction\",\"target\":[\"https:\\\/\\\/viajes.bikespain.com\\\/es\\\/condiciones-generales-bike-spain-tours\\\/\"]}]},{\"@type\":\"BreadcrumbList\",\"@id\":\"https:\\\/\\\/viajes.bikespain.com\\\/es\\\/condiciones-generales-bike-spain-tours\\\/#breadcrumb\",\"itemListElement\":[{\"@type\":\"ListItem\",\"position\":1,\"name\":\"Portada\",\"item\":\"https:\\\/\\\/viajes.bikespain.com\\\/es\\\/\"},{\"@type\":\"ListItem\",\"position\":2,\"name\":\"Condiciones Generales\"}]},{\"@type\":\"WebSite\",\"@id\":\"https:\\\/\\\/viajes.bikespain.com\\\/es\\\/#website\",\"url\":\"https:\\\/\\\/viajes.bikespain.com\\\/es\\\/\",\"name\":\"Bike Spain Tours. Cycling Vacations in Spain.\",\"description\":\"Viajes en bicicleta en Europa y Mundo\",\"publisher\":{\"@id\":\"https:\\\/\\\/viajes.bikespain.com\\\/es\\\/#organization\"},\"potentialAction\":[{\"@type\":\"SearchAction\",\"target\":{\"@type\":\"EntryPoint\",\"urlTemplate\":\"https:\\\/\\\/viajes.bikespain.com\\\/es\\\/?s={search_term_string}\"},\"query-input\":{\"@type\":\"PropertyValueSpecification\",\"valueRequired\":true,\"valueName\":\"search_term_string\"}}],\"inLanguage\":\"es\"},{\"@type\":\"Organization\",\"@id\":\"https:\\\/\\\/viajes.bikespain.com\\\/es\\\/#organization\",\"name\":\"Bike Spain Tours\",\"url\":\"https:\\\/\\\/viajes.bikespain.com\\\/es\\\/\",\"logo\":{\"@type\":\"ImageObject\",\"inLanguage\":\"es\",\"@id\":\"https:\\\/\\\/viajes.bikespain.com\\\/es\\\/#\\\/schema\\\/logo\\\/image\\\/\",\"url\":\"https:\\\/\\\/viajes.bikespain.com\\\/wp-content\\\/uploads\\\/2018\\\/02\\\/bike-spain-tours-logo-1.png\",\"contentUrl\":\"https:\\\/\\\/viajes.bikespain.com\\\/wp-content\\\/uploads\\\/2018\\\/02\\\/bike-spain-tours-logo-1.png\",\"width\":\"300\",\"height\":\"91\",\"caption\":\"Bike Spain Tours\"},\"image\":{\"@id\":\"https:\\\/\\\/viajes.bikespain.com\\\/es\\\/#\\\/schema\\\/logo\\\/image\\\/\"},\"sameAs\":[\"https:\\\/\\\/www.facebook.com\\\/BikeSpainTours\",\"https:\\\/\\\/x.com\\\/bikespaintours\",\"https:\\\/\\\/www.instagram.com\\\/bikespaintours\\\/\"]}]}<\/script>\n<!-- \/ Yoast SEO plugin. -->","yoast_head_json":{"title":"Condiciones Generales - Bike Spain Tours. Cycling Vacations in Spain.","robots":{"index":"index","follow":"follow","max-snippet":"max-snippet:-1","max-image-preview":"max-image-preview:large","max-video-preview":"max-video-preview:-1"},"canonical":"https:\/\/viajes.bikespain.com\/es\/condiciones-generales-bike-spain-tours\/","og_locale":"es_ES","og_type":"article","og_title":"Condiciones Generales - Bike Spain Tours. Cycling Vacations in Spain.","og_description":"VIAJES EN EUROPA 2025 Debido a la variable situaci\u00f3n en Europa que hemos tenido en a\u00f1os anteriores, vamos a modificar la pol\u00edtica de cancelaci\u00f3n con la finalidad de ser mucho m\u00e1s flexible con el viajero e invitar al cambio de fecha del viaje en la medida de lo posible. Si desea cancelar su viaje en [&hellip;]","og_url":"https:\/\/viajes.bikespain.com\/es\/condiciones-generales-bike-spain-tours\/","og_site_name":"Bike Spain Tours. Cycling Vacations in Spain.","article_publisher":"https:\/\/www.facebook.com\/BikeSpainTours","article_modified_time":"2025-03-10T12:28:45+00:00","twitter_card":"summary_large_image","twitter_site":"@bikespaintours","twitter_misc":{"Tiempo de lectura":"7 minutos"},"schema":{"@context":"https:\/\/schema.org","@graph":[{"@type":"WebPage","@id":"https:\/\/viajes.bikespain.com\/es\/condiciones-generales-bike-spain-tours\/","url":"https:\/\/viajes.bikespain.com\/es\/condiciones-generales-bike-spain-tours\/","name":"Condiciones Generales - Bike Spain Tours. Cycling Vacations in Spain.","isPartOf":{"@id":"https:\/\/viajes.bikespain.com\/es\/#website"},"datePublished":"2017-11-18T14:54:47+00:00","dateModified":"2025-03-10T12:28:45+00:00","breadcrumb":{"@id":"https:\/\/viajes.bikespain.com\/es\/condiciones-generales-bike-spain-tours\/#breadcrumb"},"inLanguage":"es","potentialAction":[{"@type":"ReadAction","target":["https:\/\/viajes.bikespain.com\/es\/condiciones-generales-bike-spain-tours\/"]}]},{"@type":"BreadcrumbList","@id":"https:\/\/viajes.bikespain.com\/es\/condiciones-generales-bike-spain-tours\/#breadcrumb","itemListElement":[{"@type":"ListItem","position":1,"name":"Portada","item":"https:\/\/viajes.bikespain.com\/es\/"},{"@type":"ListItem","position":2,"name":"Condiciones Generales"}]},{"@type":"WebSite","@id":"https:\/\/viajes.bikespain.com\/es\/#website","url":"https:\/\/viajes.bikespain.com\/es\/","name":"Bike Spain Tours. Cycling Vacations in Spain.","description":"Viajes en bicicleta en Europa y Mundo","publisher":{"@id":"https:\/\/viajes.bikespain.com\/es\/#organization"},"potentialAction":[{"@type":"SearchAction","target":{"@type":"EntryPoint","urlTemplate":"https:\/\/viajes.bikespain.com\/es\/?s={search_term_string}"},"query-input":{"@type":"PropertyValueSpecification","valueRequired":true,"valueName":"search_term_string"}}],"inLanguage":"es"},{"@type":"Organization","@id":"https:\/\/viajes.bikespain.com\/es\/#organization","name":"Bike Spain Tours","url":"https:\/\/viajes.bikespain.com\/es\/","logo":{"@type":"ImageObject","inLanguage":"es","@id":"https:\/\/viajes.bikespain.com\/es\/#\/schema\/logo\/image\/","url":"https:\/\/viajes.bikespain.com\/wp-content\/uploads\/2018\/02\/bike-spain-tours-logo-1.png","contentUrl":"https:\/\/viajes.bikespain.com\/wp-content\/uploads\/2018\/02\/bike-spain-tours-logo-1.png","width":"300","height":"91","caption":"Bike Spain Tours"},"image":{"@id":"https:\/\/viajes.bikespain.com\/es\/#\/schema\/logo\/image\/"},"sameAs":["https:\/\/www.facebook.com\/BikeSpainTours","https:\/\/x.com\/bikespaintours","https:\/\/www.instagram.com\/bikespaintours\/"]}]}},"_links":{"self":[{"href":"https:\/\/viajes.bikespain.com\/es\/wp-json\/wp\/v2\/pages\/6631","targetHints":{"allow":["GET"]}}],"collection":[{"href":"https:\/\/viajes.bikespain.com\/es\/wp-json\/wp\/v2\/pages"}],"about":[{"href":"https:\/\/viajes.bikespain.com\/es\/wp-json\/wp\/v2\/types\/page"}],"author":[{"embeddable":true,"href":"https:\/\/viajes.bikespain.com\/es\/wp-json\/wp\/v2\/users\/1"}],"replies":[{"embeddable":true,"href":"https:\/\/viajes.bikespain.com\/es\/wp-json\/wp\/v2\/comments?post=6631"}],"version-history":[{"count":0,"href":"https:\/\/viajes.bikespain.com\/es\/wp-json\/wp\/v2\/pages\/6631\/revisions"}],"wp:attachment":[{"href":"https:\/\/viajes.bikespain.com\/es\/wp-json\/wp\/v2\/media?parent=6631"}],"curies":[{"name":"wp","href":"https:\/\/api.w.org\/{rel}","templated":true}]}}