{"id":23806,"date":"2018-01-05T12:43:18","date_gmt":"2018-01-05T11:43:18","guid":{"rendered":"http:\/\/biketoursspain.tourismdesignsolutions.com\/?page_id=23806"},"modified":"2022-04-01T09:23:38","modified_gmt":"2022-04-01T08:23:38","slug":"concurso-fotografia","status":"publish","type":"page","link":"https:\/\/viajes.bikespain.com\/es\/concurso-fotografia\/","title":{"rendered":"Concurso Fotograf\u00eda"},"content":{"rendered":"<div class=\"field field-name-body field-type-text-with-summary field-label-hidden\">\n<div class=\"field-items\">\n<div class=\"field-item even\">\n<p>\u00bfCu\u00e1l es mi premio? En el a\u00f1o 2018, Bike Spain Tours\u00a0ofrece un 10% a\u00a0nuestros clientes que viajaron en Europa y ganaron el concurso de fotograf\u00eda.<br \/>\nComo cada a\u00f1o, se elige 3 premiados.<\/p>\n<p>Concurso 2016<br \/>\n<strong>PRIMER Premio. Maria Alejandrina<\/strong>. ALEMANIA: Viaje al Valle del Rin en barco y bici<\/p>\n<p><img loading=\"lazy\" decoding=\"async\" class=\"aligncenter size-full wp-image-23824\" src=\"\/wp-content\/uploads\/2018\/01\/01.primer_puesto._img_20170910_072646765.jpg\" alt=\"\" width=\"480\" height=\"360\" srcset=\"https:\/\/viajes.bikespain.com\/wp-content\/uploads\/2018\/01\/01.primer_puesto._img_20170910_072646765.jpg 480w, https:\/\/viajes.bikespain.com\/wp-content\/uploads\/2018\/01\/01.primer_puesto._img_20170910_072646765-300x225.jpg 300w\" sizes=\"auto, (max-width: 480px) 100vw, 480px\" \/><\/p>\n<p>S<strong>EGUNDO Premio. Patricia Campbell<\/strong>\u00a0&#8211; AUSTRIA: Passau a Budapest en barco y bici<br \/>\n<img loading=\"lazy\" decoding=\"async\" class=\"aligncenter size-full wp-image-23825\" src=\"\/wp-content\/uploads\/2018\/01\/02._segundo_puesto._patricia_campbell.jpg\" alt=\"\" width=\"480\" height=\"360\" srcset=\"https:\/\/viajes.bikespain.com\/wp-content\/uploads\/2018\/01\/02._segundo_puesto._patricia_campbell.jpg 480w, https:\/\/viajes.bikespain.com\/wp-content\/uploads\/2018\/01\/02._segundo_puesto._patricia_campbell-300x225.jpg 300w\" sizes=\"auto, (max-width: 480px) 100vw, 480px\" \/><\/p>\n<p>TERCER Premio. Jon Cano &#8211; FRANCIA<br \/>\n<img loading=\"lazy\" decoding=\"async\" class=\"aligncenter size-full wp-image-23826\" src=\"\/wp-content\/uploads\/2018\/01\/03.tercer_puesto._belgica._rosana_enche_5.jpg\" alt=\"\" width=\"480\" height=\"270\" srcset=\"https:\/\/viajes.bikespain.com\/wp-content\/uploads\/2018\/01\/03.tercer_puesto._belgica._rosana_enche_5.jpg 480w, https:\/\/viajes.bikespain.com\/wp-content\/uploads\/2018\/01\/03.tercer_puesto._belgica._rosana_enche_5-300x169.jpg 300w\" sizes=\"auto, (max-width: 480px) 100vw, 480px\" \/><\/p>\n<p>Pod\u00e9is ver el alb\u00fam completo con una selecci\u00f3n de fotograf\u00edas en nuestro Facebook!<\/p>\n<p><a href=\"https:\/\/www.facebook.com\/pg\/BikeSpainViajes\/photos\/?tab=album&amp;album_id=1541835329203240\" target=\"_blank\" rel=\"noopener noreferrer\">Concurso fotograf\u00eda 2017<\/a><\/p>\n<p>Y las de otros a\u00f1os:<\/p>\n<p><a href=\"https:\/\/www.facebook.com\/pg\/BikeSpainViajes\/photos\/?tab=album&amp;album_id=1117375591649218\" target=\"_blank\" rel=\"noopener noreferrer\">Concruso de fotograf\u00eda 2016<\/a><\/p>\n<p><a href=\"http:\/\/www.facebook.com\/pg\/BikeSpainViajes\/photos\/?tab=album&amp;album_id=898956366824476\">Concurso de fotograf\u00eda 2015<\/a><br \/>\n<a title=\"\u00c1lbum Concurso 2015\" href=\"http:\/\/www.facebook.com\/pg\/BikeSpainViajes\/photos\/?tab=album&amp;album_id=728896613830453\" target=\"_blank\" rel=\"noopener noreferrer\">Concurso de fotograf\u00eda 2014<\/a><br \/>\n<a href=\"http:\/\/www.bikespain.info\/fotosclientes2013\">Concurso de fotograf\u00eda 2013<\/a><br \/>\n<a href=\"http:\/\/bikespain.info\/fotosclientes2012\/index.htm\">Concurso de fotograf\u00eda 2012<\/a><br \/>\n<a href=\"http:\/\/www.bikespain.info\/fotosclientes2011\">Concurso de fotograf\u00eda 2011<\/a><br \/>\n<a href=\"http:\/\/www.bikespain.info\/fotosclientes2010\">Concurso de fotograf\u00eda 2010<\/a><br \/>\n<a href=\"http:\/\/www.bikespain.info\/fotosclientes2009\">Concurso de fotograf\u00eda 2009<\/a><br \/>\n<a href=\"http:\/\/www.bikespain.info\/fotosclientes2008\">Concurso de fotograf\u00eda 2008<\/a><\/p>\n<p>Condiciones:<br \/>\nSiempre no acumulable a otras ofertas y desde la tarifa completa para individuales. Se reducir\u00eda el descuento en tarifa de grupos.\u00a0Se aplicar\u00e1 a un m\u00e1ximo de 2 personas<\/p>\n<p>La imagen enviada deber\u00e1 tener una resolucion minima de 1200 puntos en formato horizontal. Se deber\u00e1 incluir en el correo electronico en el que se envien las im\u00e1genes la informacion del autor asi como del viaje y lugar en el que se realizo la fotograf\u00eda.<\/p>\n<p>Las im\u00e1genes y\/o fotos enviadas podr\u00e1n ser utilizadas por Bike Spain Tours para ser publicitadas y exhibidas en forma p\u00fablica, tanto a trav\u00e9s de medios electr\u00f3nicos (Facebook, p\u00e1gina web, twitter, afiches promocionales) como medios gr\u00e1ficos y tambi\u00e9n podr\u00e1n ser usadas para otros fines publicitarios, mencionando en todos los casos los t\u00edtulos y autores.<\/p>\n<\/div>\n<\/div>\n<\/div>\n","protected":false},"excerpt":{"rendered":"<p>\u00bfCu\u00e1l es mi premio? En el a\u00f1o 2018, Bike Spain Tours\u00a0ofrece un 10% a\u00a0nuestros clientes que viajaron en Europa y ganaron el concurso de fotograf\u00eda. Como cada a\u00f1o, se elige 3 premiados. Concurso 2016 PRIMER Premio. Maria Alejandrina. ALEMANIA: Viaje al Valle del Rin en barco y bici SEGUNDO Premio. Patricia Campbell\u00a0&#8211; AUSTRIA: Passau a [&hellip;]<\/p>\n","protected":false},"author":1,"featured_media":0,"parent":0,"menu_order":0,"comment_status":"closed","ping_status":"closed","template":"","meta":{"footnotes":""},"class_list":["post-23806","page","type-page","status-publish","hentry"],"yoast_head":"<!-- This site is optimized with the Yoast SEO plugin v27.4 - https:\/\/yoast.com\/product\/yoast-seo-wordpress\/ -->\n<title>Concurso Fotograf\u00eda - Bike Spain Tours. Cycling Vacations in Spain.<\/title>\n<meta name=\"robots\" content=\"index, follow, max-snippet:-1, max-image-preview:large, max-video-preview:-1\" \/>\n<link rel=\"canonical\" href=\"https:\/\/viajes.bikespain.com\/es\/concurso-fotografia\/\" \/>\n<meta property=\"og:locale\" content=\"es_ES\" \/>\n<meta property=\"og:type\" content=\"article\" \/>\n<meta property=\"og:title\" content=\"Concurso Fotograf\u00eda - Bike Spain Tours. Cycling Vacations in Spain.\" \/>\n<meta property=\"og:description\" content=\"\u00bfCu\u00e1l es mi premio? En el a\u00f1o 2018, Bike Spain Tours\u00a0ofrece un 10% a\u00a0nuestros clientes que viajaron en Europa y ganaron el concurso de fotograf\u00eda. Como cada a\u00f1o, se elige 3 premiados. Concurso 2016 PRIMER Premio. Maria Alejandrina. ALEMANIA: Viaje al Valle del Rin en barco y bici SEGUNDO Premio. Patricia Campbell\u00a0&#8211; AUSTRIA: Passau a [&hellip;]\" \/>\n<meta property=\"og:url\" content=\"https:\/\/viajes.bikespain.com\/es\/concurso-fotografia\/\" \/>\n<meta property=\"og:site_name\" content=\"Bike Spain Tours. Cycling Vacations in Spain.\" \/>\n<meta property=\"article:publisher\" content=\"https:\/\/www.facebook.com\/BikeSpainTours\" \/>\n<meta property=\"article:modified_time\" content=\"2022-04-01T08:23:38+00:00\" \/>\n<meta name=\"twitter:card\" content=\"summary_large_image\" \/>\n<meta name=\"twitter:site\" content=\"@bikespaintours\" \/>\n<meta name=\"twitter:label1\" content=\"Tiempo de lectura\" \/>\n\t<meta name=\"twitter:data1\" content=\"1 minuto\" \/>\n<script type=\"application\/ld+json\" class=\"yoast-schema-graph\">{\"@context\":\"https:\\\/\\\/schema.org\",\"@graph\":[{\"@type\":\"WebPage\",\"@id\":\"https:\\\/\\\/viajes.bikespain.com\\\/es\\\/concurso-fotografia\\\/\",\"url\":\"https:\\\/\\\/viajes.bikespain.com\\\/es\\\/concurso-fotografia\\\/\",\"name\":\"Concurso Fotograf\u00eda - Bike Spain Tours. Cycling Vacations in Spain.\",\"isPartOf\":{\"@id\":\"https:\\\/\\\/viajes.bikespain.com\\\/es\\\/#website\"},\"datePublished\":\"2018-01-05T11:43:18+00:00\",\"dateModified\":\"2022-04-01T08:23:38+00:00\",\"breadcrumb\":{\"@id\":\"https:\\\/\\\/viajes.bikespain.com\\\/es\\\/concurso-fotografia\\\/#breadcrumb\"},\"inLanguage\":\"es\",\"potentialAction\":[{\"@type\":\"ReadAction\",\"target\":[\"https:\\\/\\\/viajes.bikespain.com\\\/es\\\/concurso-fotografia\\\/\"]}]},{\"@type\":\"BreadcrumbList\",\"@id\":\"https:\\\/\\\/viajes.bikespain.com\\\/es\\\/concurso-fotografia\\\/#breadcrumb\",\"itemListElement\":[{\"@type\":\"ListItem\",\"position\":1,\"name\":\"Portada\",\"item\":\"https:\\\/\\\/viajes.bikespain.com\\\/es\\\/\"},{\"@type\":\"ListItem\",\"position\":2,\"name\":\"Concurso Fotograf\u00eda\"}]},{\"@type\":\"WebSite\",\"@id\":\"https:\\\/\\\/viajes.bikespain.com\\\/es\\\/#website\",\"url\":\"https:\\\/\\\/viajes.bikespain.com\\\/es\\\/\",\"name\":\"Bike Spain Tours. Cycling Vacations in Spain.\",\"description\":\"Viajes en bicicleta en Europa y Mundo\",\"publisher\":{\"@id\":\"https:\\\/\\\/viajes.bikespain.com\\\/es\\\/#organization\"},\"potentialAction\":[{\"@type\":\"SearchAction\",\"target\":{\"@type\":\"EntryPoint\",\"urlTemplate\":\"https:\\\/\\\/viajes.bikespain.com\\\/es\\\/?s={search_term_string}\"},\"query-input\":{\"@type\":\"PropertyValueSpecification\",\"valueRequired\":true,\"valueName\":\"search_term_string\"}}],\"inLanguage\":\"es\"},{\"@type\":\"Organization\",\"@id\":\"https:\\\/\\\/viajes.bikespain.com\\\/es\\\/#organization\",\"name\":\"Bike Spain Tours\",\"url\":\"https:\\\/\\\/viajes.bikespain.com\\\/es\\\/\",\"logo\":{\"@type\":\"ImageObject\",\"inLanguage\":\"es\",\"@id\":\"https:\\\/\\\/viajes.bikespain.com\\\/es\\\/#\\\/schema\\\/logo\\\/image\\\/\",\"url\":\"https:\\\/\\\/viajes.bikespain.com\\\/wp-content\\\/uploads\\\/2018\\\/02\\\/bike-spain-tours-logo-1.png\",\"contentUrl\":\"https:\\\/\\\/viajes.bikespain.com\\\/wp-content\\\/uploads\\\/2018\\\/02\\\/bike-spain-tours-logo-1.png\",\"width\":\"300\",\"height\":\"91\",\"caption\":\"Bike Spain Tours\"},\"image\":{\"@id\":\"https:\\\/\\\/viajes.bikespain.com\\\/es\\\/#\\\/schema\\\/logo\\\/image\\\/\"},\"sameAs\":[\"https:\\\/\\\/www.facebook.com\\\/BikeSpainTours\",\"https:\\\/\\\/x.com\\\/bikespaintours\",\"https:\\\/\\\/www.instagram.com\\\/bikespaintours\\\/\"]}]}<\/script>\n<!-- \/ Yoast SEO plugin. -->","yoast_head_json":{"title":"Concurso Fotograf\u00eda - Bike Spain Tours. Cycling Vacations in Spain.","robots":{"index":"index","follow":"follow","max-snippet":"max-snippet:-1","max-image-preview":"max-image-preview:large","max-video-preview":"max-video-preview:-1"},"canonical":"https:\/\/viajes.bikespain.com\/es\/concurso-fotografia\/","og_locale":"es_ES","og_type":"article","og_title":"Concurso Fotograf\u00eda - Bike Spain Tours. Cycling Vacations in Spain.","og_description":"\u00bfCu\u00e1l es mi premio? En el a\u00f1o 2018, Bike Spain Tours\u00a0ofrece un 10% a\u00a0nuestros clientes que viajaron en Europa y ganaron el concurso de fotograf\u00eda. Como cada a\u00f1o, se elige 3 premiados. Concurso 2016 PRIMER Premio. Maria Alejandrina. ALEMANIA: Viaje al Valle del Rin en barco y bici SEGUNDO Premio. Patricia Campbell\u00a0&#8211; AUSTRIA: Passau a [&hellip;]","og_url":"https:\/\/viajes.bikespain.com\/es\/concurso-fotografia\/","og_site_name":"Bike Spain Tours. Cycling Vacations in Spain.","article_publisher":"https:\/\/www.facebook.com\/BikeSpainTours","article_modified_time":"2022-04-01T08:23:38+00:00","twitter_card":"summary_large_image","twitter_site":"@bikespaintours","twitter_misc":{"Tiempo de lectura":"1 minuto"},"schema":{"@context":"https:\/\/schema.org","@graph":[{"@type":"WebPage","@id":"https:\/\/viajes.bikespain.com\/es\/concurso-fotografia\/","url":"https:\/\/viajes.bikespain.com\/es\/concurso-fotografia\/","name":"Concurso Fotograf\u00eda - Bike Spain Tours. Cycling Vacations in Spain.","isPartOf":{"@id":"https:\/\/viajes.bikespain.com\/es\/#website"},"datePublished":"2018-01-05T11:43:18+00:00","dateModified":"2022-04-01T08:23:38+00:00","breadcrumb":{"@id":"https:\/\/viajes.bikespain.com\/es\/concurso-fotografia\/#breadcrumb"},"inLanguage":"es","potentialAction":[{"@type":"ReadAction","target":["https:\/\/viajes.bikespain.com\/es\/concurso-fotografia\/"]}]},{"@type":"BreadcrumbList","@id":"https:\/\/viajes.bikespain.com\/es\/concurso-fotografia\/#breadcrumb","itemListElement":[{"@type":"ListItem","position":1,"name":"Portada","item":"https:\/\/viajes.bikespain.com\/es\/"},{"@type":"ListItem","position":2,"name":"Concurso Fotograf\u00eda"}]},{"@type":"WebSite","@id":"https:\/\/viajes.bikespain.com\/es\/#website","url":"https:\/\/viajes.bikespain.com\/es\/","name":"Bike Spain Tours. Cycling Vacations in Spain.","description":"Viajes en bicicleta en Europa y Mundo","publisher":{"@id":"https:\/\/viajes.bikespain.com\/es\/#organization"},"potentialAction":[{"@type":"SearchAction","target":{"@type":"EntryPoint","urlTemplate":"https:\/\/viajes.bikespain.com\/es\/?s={search_term_string}"},"query-input":{"@type":"PropertyValueSpecification","valueRequired":true,"valueName":"search_term_string"}}],"inLanguage":"es"},{"@type":"Organization","@id":"https:\/\/viajes.bikespain.com\/es\/#organization","name":"Bike Spain Tours","url":"https:\/\/viajes.bikespain.com\/es\/","logo":{"@type":"ImageObject","inLanguage":"es","@id":"https:\/\/viajes.bikespain.com\/es\/#\/schema\/logo\/image\/","url":"https:\/\/viajes.bikespain.com\/wp-content\/uploads\/2018\/02\/bike-spain-tours-logo-1.png","contentUrl":"https:\/\/viajes.bikespain.com\/wp-content\/uploads\/2018\/02\/bike-spain-tours-logo-1.png","width":"300","height":"91","caption":"Bike Spain Tours"},"image":{"@id":"https:\/\/viajes.bikespain.com\/es\/#\/schema\/logo\/image\/"},"sameAs":["https:\/\/www.facebook.com\/BikeSpainTours","https:\/\/x.com\/bikespaintours","https:\/\/www.instagram.com\/bikespaintours\/"]}]}},"_links":{"self":[{"href":"https:\/\/viajes.bikespain.com\/es\/wp-json\/wp\/v2\/pages\/23806","targetHints":{"allow":["GET"]}}],"collection":[{"href":"https:\/\/viajes.bikespain.com\/es\/wp-json\/wp\/v2\/pages"}],"about":[{"href":"https:\/\/viajes.bikespain.com\/es\/wp-json\/wp\/v2\/types\/page"}],"author":[{"embeddable":true,"href":"https:\/\/viajes.bikespain.com\/es\/wp-json\/wp\/v2\/users\/1"}],"replies":[{"embeddable":true,"href":"https:\/\/viajes.bikespain.com\/es\/wp-json\/wp\/v2\/comments?post=23806"}],"version-history":[{"count":0,"href":"https:\/\/viajes.bikespain.com\/es\/wp-json\/wp\/v2\/pages\/23806\/revisions"}],"wp:attachment":[{"href":"https:\/\/viajes.bikespain.com\/es\/wp-json\/wp\/v2\/media?parent=23806"}],"curies":[{"name":"wp","href":"https:\/\/api.w.org\/{rel}","templated":true}]}}